{"id":265,"date":"2019-08-06T00:31:21","date_gmt":"2019-08-06T03:31:21","guid":{"rendered":"https:\/\/planodesaudecostaverde.com.br\/unimed-costa-verde\/?page_id=265"},"modified":"2021-08-21T09:08:41","modified_gmt":"2021-08-21T12:08:41","slug":"rede-credenciada","status":"publish","type":"page","link":"https:\/\/planodesaudecostaverde.com.br\/unimed-costa-verde\/rede-credenciada\/","title":{"rendered":"Rede Credenciada"},"content":{"rendered":"  <div id=\"page-header-155909006\" class=\"page-header-wrapper\">\n  <div class=\"page-title dark featured-title\">\n\n    \n    <div class=\"page-title-inner container align-center flex-row medium-flex-wrap\" >\n              <div class=\"title-wrapper uppercase is-small flex-col text-left medium-text-center\">\n          <h1 class=\"entry-title mb-0\">\n            Rede Credenciada Unimed Jundia\u00ed          <\/h1>\n        <\/div>\n                    <div class=\"title-content flex-col flex-right text-right medium-text-center\">\n        <div class=\"title-breadcrumbs pb-half pt-half\"><\/div>      <\/div>\n    <\/div><!-- flex-row -->\n\n     \n<style scope=\"scope\">\n\n#page-header-155909006 .page-title-inner {\n  min-height: 103px;\n}\n#page-header-155909006 {\n  margin-bottom: 0px;\n}\n#page-header-155909006 .title-bg {\n  margin-bottom: 0px;\n}\n<\/style>\n  <\/div><!-- .page-title -->\n    <\/div><!-- .page-header-wrapper -->\n  \n<div class=\"row row-collapse align-middle\"  id=\"row-1411911890\">\n<div class=\"col small-12 large-12\"  ><div class=\"col-inner\"  >\n<div class=\"message-box relative dark\" style=\"padding-top:15px;padding-bottom:15px;\"><div class=\"message-box-bg-image bg-fill fill\" ><\/div><div class=\"message-box-bg-overlay bg-fill fill\" style=\"background-color:rgb(19, 120, 80);\"><\/div><div class=\"container relative\"><div class=\"inner last-reset\">\n<div class=\"row align-middle align-center\"  id=\"row-1894790794\">\n<div class=\"col medium-11 small-12 large-11\"  ><div class=\"col-inner\"  >\n<p style=\"font-size: 20px !important; text-align: center;\">Plano <strong>Unimed Empresarial at\u00e9 30% menor<\/strong> do que o plano Individual, Familiar por Ades\u00e3o.<\/p>\n<\/div><\/div>\n\n<style scope=\"scope\">\n\n<\/style>\n<\/div>\n<\/div><\/div><\/div>\n\t<section class=\"section\" id=\"section_604935513\">\n\t\t<div class=\"bg section-bg fill bg-fill  bg-loaded\" >\n\n\t\t\t\n\t\t\t\n\t\t\t\n\n\t\t<\/div><!-- .section-bg -->\n\n\t\t<div class=\"section-content relative\">\n\t\t\t\n<div class=\"row row-small align-center\"  id=\"row-465959903\">\n<div class=\"col small-12 large-12\"  ><div class=\"col-inner text-left\"  >\n<p>Jundia\u00ed \u00e9 um munic\u00edpio do interior paulista com um alto \u00edndice de qualidade de vida. Muitos Jundiaienses pensam que Campinas e S\u00e3o Paulo s\u00e3o os melhores locais para um atendimento m\u00e9dico de qualidade, mas a cidade pode surpreender com a estrutura de planos de sa\u00fade que prestam servi\u00e7os no munic\u00edpio.<\/p>\n<p>A Unimed Jundia\u00ed oferece cobertura Regional. S\u00e3o diversos hospitais de ponta, que s\u00e3o refer\u00eancia em atendimento e qualidade. Por\u00e9m, a \u00e1rea de abrang\u00eancia e cobertura pode variar conforme a modalidade de contrata\u00e7\u00e3o, e o plano de sa\u00fade escolhido.<\/p>\n<p>Os planos de sa\u00fade da Unimed contam Jundia\u00ed com uma rede credenciada de hospitais refer\u00eancia em Jundia\u00ed.<\/p>\n<p>466 m\u00e9dicos cooperados;<\/p>\n<p>6 cl\u00ednicas regionais pr\u00f3prias: Louveira, V\u00e1rzea Paulista, Itupeva, Cabre\u00fava e Cajamar &#8211; Unidade em Jordan\u00e9sia e Unidade em `Polvilho;<\/p>\n<p>47 especialidades;<\/p>\n<p>63 cl\u00ednicas credenciadas;<\/p>\n<p>Laborat\u00f3rio pr\u00f3prio, al\u00e9m dos credenciados;<\/p>\n<p>Pronto-Atendimento Infantil 24 horas;<\/p>\n<p>Atendimento de urg\u00eancia e emerg\u00eancia odontol\u00f3gico;<\/p>\n<p>Pronto-Atendimento Adulto 24 horas (cl\u00ednica m\u00e9dica, ortopedia, cardiologia e cirurgia geral);<\/p>\n<p>Hospital pr\u00f3prio e mais 08 hospitais credenciados.<\/p>\n<\/div><\/div>\n\n<style scope=\"scope\">\n\n<\/style>\n<\/div>\n<div class=\"row\"  id=\"row-1000893214\">\n<div class=\"col small-12 large-12\"  ><div class=\"col-inner\"  >\n<div class=\"wrapper1\">\n<div>\u00a0<\/div>\n<\/div>\n<div class=\"wrapper2\">\n<table id=\"table-rede\" class=\"table table-condensed table-striped\">\n<tbody>\n<tr class=\"credenciado-tipo-header\">\n<td>Grande SP &#8211; Norte &#8211; SP<\/td>\n<td class=\"text-center\">Ideal [E]<\/td>\n<td class=\"text-center\">Ideal Plus [A]<\/td>\n<\/tr>\n<tr>\n<td>Previna Franco da Rocha &#8211; Franco da Rocha<\/td>\n<td class=\"text-center\">HG<\/td>\n<td class=\"text-center\">HG<\/td>\n<\/tr>\n<\/tbody>\n<tbody>\n<tr class=\"credenciado-tipo-header\">\n<td>Interior &#8211; SP<\/td>\n<td class=\"text-center\">Ideal [E]<\/td>\n<td class=\"text-center\">Ideal Plus [A]<\/td>\n<\/tr>\n<tr>\n<td>Alliance Day Clinic &#8211; Jundia\u00ed<\/td>\n<td class=\"text-center\">M<\/td>\n<td class=\"text-center\">M<\/td>\n<\/tr>\n<tr>\n<td>GRENDACC &#8211; Jundia\u00ed<\/td>\n<td class=\"text-center\">OI<\/td>\n<td class=\"text-center\">OI<\/td>\n<\/tr>\n<tr>\n<td>H S\u00e3o Vicente de Paulo &#8211; Jundia\u00ed<\/td>\n<td class=\"text-center\">HG<\/td>\n<td class=\"text-center\">HG<\/td>\n<\/tr>\n<tr>\n<td>H Sta Elisa &#8211; Jundia\u00ed<\/td>\n<td class=\"text-center\">HG<\/td>\n<td class=\"text-center\">HG<\/td>\n<\/tr>\n<tr>\n<td>H Unimed Unid Anchieta &#8211; Jundia\u00ed<\/td>\n<td class=\"text-center\">HG<\/td>\n<td class=\"text-center\">HG<\/td>\n<\/tr>\n<tr>\n<td>H Universit\u00e1rio de Jundia\u00ed &#8211; Jundia\u00ed<\/td>\n<td class=\"text-center\">H<\/td>\n<td class=\"text-center\">H<\/td>\n<\/tr>\n<tr>\n<td>Irmandade Sta Casa de Louveira &#8211; Louveira<\/td>\n<td class=\"text-center\">HG<\/td>\n<td class=\"text-center\">HG<\/td>\n<\/tr>\n<tr>\n<td>PA Adulto 24Hr Unimed &#8211; Jundia\u00ed<\/td>\n<td class=\"text-center\">PS<\/td>\n<td class=\"text-center\">PS<\/td>\n<\/tr>\n<tr>\n<td>PA Infantil 24Hr Unimed &#8211; Jundia\u00ed<\/td>\n<td class=\"text-center\">PS<\/td>\n<td class=\"text-center\">PS<\/td>\n<\/tr>\n<tr>\n<td>Sta Casa de Miseric\u00f3rdia de Cabre\u00fava &#8211; Cabre\u00fava<\/td>\n<td class=\"text-center\">M<\/td>\n<td class=\"text-center\">M<\/td>\n<\/tr>\n<\/tbody>\n<tbody>\n<tr class=\"credenciado-tipo-header\">\n<td>Laborat\u00f3rios<\/td>\n<td class=\"text-center\">Ideal [E]<\/td>\n<td class=\"text-center\">Ideal Plus [A]<\/td>\n<\/tr>\n<tr>\n<td>Anchieta<\/td>\n<td class=\"text-center\">LAB<\/td>\n<td class=\"text-center\">LAB<\/td>\n<\/tr>\n<tr>\n<td>ICON<\/td>\n<td class=\"text-center\">LAB<\/td>\n<td class=\"text-center\">LAB<\/td>\n<\/tr>\n<tr>\n<td>Unibrasil<\/td>\n<td class=\"text-center\">LAB<\/td>\n<td class=\"text-center\">LAB<\/td>\n<\/tr>\n<tr>\n<td>Unilabor &#8211; SP<\/td>\n<td class=\"text-center\">LAB<\/td>\n<td class=\"text-center\">LAB<\/td>\n<\/tr>\n<\/tbody>\n<\/table>\n<\/div>\n<div>\n<hr \/>\n<h4>LEGENDA DE ATENDIMENTOS<\/h4>\n<p><strong>HG:<\/strong>Hospital Geral\u00a0<strong>M:<\/strong>Maternidade\u00a0<strong>PS:<\/strong>Pronto Socorro\u00a0<strong>LAB:<\/strong>Laborat\u00f3rio\u00a0<strong>H:<\/strong>Interna\u00e7\u00f5es Eletivas\u00a0<strong>OI:<\/strong>Oncologia Infantil<br \/><i class=\"icon-ok\"><\/i>: Possui atendimento, por\u00e9m a operadora\/seguradora n\u00e3o divulga quais tipos de atendimento s\u00e3o oferecidos<\/div>\n<div>\n<hr \/>\n<p><strong>Rede Credenciada:<\/strong><\/p>\n<ul>\n<li>Interc\u00e2mbio &#8211; depende da rede de atendimento da Unimed de destino.<\/li>\n<\/ul>\n<\/div>\n<\/div><\/div>\n<\/div>\n\t\t<\/div><!-- .section-content -->\n\n\t\t\n<style scope=\"scope\">\n\n#section_604935513 {\n  padding-top: 30px;\n  padding-bottom: 30px;\n}\n<\/style>\n\t<\/section>\n\t\n<\/div><\/div>\n\n<style scope=\"scope\">\n\n<\/style>\n<\/div>\n","protected":false},"excerpt":{"rendered":"","protected":false},"author":1,"featured_media":0,"parent":0,"menu_order":0,"comment_status":"closed","ping_status":"closed","template":"page-blank.php","meta":{"footnotes":""},"class_list":["post-265","page","type-page","status-publish","hentry"],"_links":{"self":[{"href":"https:\/\/planodesaudecostaverde.com.br\/unimed-costa-verde\/wp-json\/wp\/v2\/pages\/265","targetHints":{"allow":["GET"]}}],"collection":[{"href":"https:\/\/planodesaudecostaverde.com.br\/unimed-costa-verde\/wp-json\/wp\/v2\/pages"}],"about":[{"href":"https:\/\/planodesaudecostaverde.com.br\/unimed-costa-verde\/wp-json\/wp\/v2\/types\/page"}],"author":[{"embeddable":true,"href":"https:\/\/planodesaudecostaverde.com.br\/unimed-costa-verde\/wp-json\/wp\/v2\/users\/1"}],"replies":[{"embeddable":true,"href":"https:\/\/planodesaudecostaverde.com.br\/unimed-costa-verde\/wp-json\/wp\/v2\/comments?post=265"}],"version-history":[{"count":7,"href":"https:\/\/planodesaudecostaverde.com.br\/unimed-costa-verde\/wp-json\/wp\/v2\/pages\/265\/revisions"}],"predecessor-version":[{"id":494,"href":"https:\/\/planodesaudecostaverde.com.br\/unimed-costa-verde\/wp-json\/wp\/v2\/pages\/265\/revisions\/494"}],"wp:attachment":[{"href":"https:\/\/planodesaudecostaverde.com.br\/unimed-costa-verde\/wp-json\/wp\/v2\/media?parent=265"}],"curies":[{"name":"wp","href":"https:\/\/api.w.org\/{rel}","templated":true}]}}